{"id":745,"date":"2019-09-25T16:58:38","date_gmt":"2019-09-25T19:58:38","guid":{"rendered":"http:\/\/servidorseguro.cloud\/oxibras\/?page_id=745"},"modified":"2019-09-25T17:02:32","modified_gmt":"2019-09-25T20:02:32","slug":"visao-missao-e-valores","status":"publish","type":"page","link":"https:\/\/www.oxibras.com.br\/es\/empresa\/visao-missao-e-valores\/","title":{"rendered":"(Portugu\u00eas do Brasil) Miss\u00e3o, vis\u00e3o e valores"},"content":{"rendered":"<p class=\"qtranxs-available-languages-message qtranxs-available-languages-message-es\">Disculpa, pero esta entrada est\u00e1 disponible s\u00f3lo en <a href=\"https:\/\/www.oxibras.com.br\/pb\/wp-json\/wp\/v2\/pages\/745\" class=\"qtranxs-available-language-link qtranxs-available-language-link-pb\" title=\"Portugu\u00eas do Brasil\">Portugu\u00e9s De Brasil<\/a>. For the sake of viewer convenience, the content is shown below in the alternative language. You may click the link to switch the active language.<\/p><p><\/p>\n<h3><span style=\"color: #000080;\"><strong>Vis\u00e3o<\/strong><\/span><\/h3>\n<p><span style=\"font-weight: 400;\">Tornar-se uma refer\u00eancia nacional na \u00e1rea de corte e solda.\u00a0<\/span><\/p>\n<h3><span style=\"color: #000080;\"><strong>Miss\u00e3o<\/strong><\/span><\/h3>\n<p><span style=\"font-weight: 400;\">Auxiliar as empresas brasileiras que necessitam de produtos de corte e solda, atrav\u00e9s do nosso atendimento e produtos de qualidade. <\/span><\/p>\n<h3><span style=\"color: #000080;\"><strong>Valores<\/strong><\/span><\/h3>\n<ul>\n<li>Satisfazer nossos clientes<\/li>\n<li>Satisfazer nossos colaboradores<\/li>\n<li><span style=\"font-weight: 400;\">\u00c9tica profissional dentro e fora da empresa<\/span><\/li>\n<li><span style=\"font-weight: 400;\">Atuar com transpar\u00ea<\/span><span style=\"font-weight: 400;\">ncia<\/span><\/li>\n<\/ul>\n<p><\/p>","protected":false},"excerpt":{"rendered":"<p>Disculpa, pero esta entrada est\u00e1 disponible s\u00f3lo en Portugu\u00e9s De Brasil. For the sake of viewer convenience, the content is shown below in the alternative language. You may click the link to switch the active language. Vis\u00e3o Tornar-se uma refer\u00eancia nacional na \u00e1rea de corte e solda.\u00a0 Miss\u00e3o Auxiliar as empresas brasileiras que necessitam de [&hellip;]<\/p>\n","protected":false},"author":1,"featured_media":0,"parent":7,"menu_order":0,"comment_status":"closed","ping_status":"closed","template":"","meta":[],"yoast_head":"<!-- This site is optimized with the Yoast SEO plugin v16.8 - https:\/\/yoast.com\/wordpress\/plugins\/seo\/ -->\n<title>(Portugu\u00eas do Brasil) Miss\u00e3o, vis\u00e3o e valores - Oxibras Corte &amp; Solda<\/title>\n<meta name=\"robots\" content=\"index, follow, max-snippet:-1, max-image-preview:large, max-video-preview:-1\" \/>\n<link rel=\"canonical\" href=\"https:\/\/www.oxibras.com.br\/empresa\/visao-missao-e-valores\/\" \/>\n<meta property=\"og:locale\" content=\"es_ES\" \/>\n<meta property=\"og:type\" content=\"article\" \/>\n<meta property=\"og:title\" content=\"(Portugu\u00eas do Brasil) Miss\u00e3o, vis\u00e3o e valores - Oxibras Corte &amp; Solda\" \/>\n<meta property=\"og:description\" content=\"Disculpa, pero esta entrada est\u00e1 disponible s\u00f3lo en Portugu\u00e9s De Brasil. For the sake of viewer convenience, the content is shown below in the alternative language. You may click the link to switch the active language. Vis\u00e3o Tornar-se uma refer\u00eancia nacional na \u00e1rea de corte e solda.\u00a0 Miss\u00e3o Auxiliar as empresas brasileiras que necessitam de [&hellip;]\" \/>\n<meta property=\"og:url\" content=\"https:\/\/www.oxibras.com.br\/empresa\/visao-missao-e-valores\/\" \/>\n<meta property=\"og:site_name\" content=\"Oxibras Corte &amp; Solda\" \/>\n<meta property=\"article:modified_time\" content=\"2019-09-25T20:02:32+00:00\" \/>\n<meta name=\"twitter:card\" content=\"summary_large_image\" \/>\n<script type=\"application\/ld+json\" class=\"yoast-schema-graph\">{\"@context\":\"https:\/\/schema.org\",\"@graph\":[{\"@type\":\"WebSite\",\"@id\":\"https:\/\/www.oxibras.com.br\/#website\",\"url\":\"https:\/\/www.oxibras.com.br\/\",\"name\":\"Oxibras Corte &amp; Solda\",\"description\":\"Empresa brasileira que h\\u00e1 mais de 30 anos atua no mercado de corte e solda de metais\",\"potentialAction\":[{\"@type\":\"SearchAction\",\"target\":{\"@type\":\"EntryPoint\",\"urlTemplate\":\"https:\/\/www.oxibras.com.br\/?s={search_term_string}\"},\"query-input\":\"required name=search_term_string\"}],\"inLanguage\":\"es\"},{\"@type\":\"WebPage\",\"@id\":\"https:\/\/www.oxibras.com.br\/empresa\/visao-missao-e-valores\/#webpage\",\"url\":\"https:\/\/www.oxibras.com.br\/empresa\/visao-missao-e-valores\/\",\"name\":\"(Portugu\\u00eas do Brasil) Miss\\u00e3o, vis\\u00e3o e valores - Oxibras Corte &amp; Solda\",\"isPartOf\":{\"@id\":\"https:\/\/www.oxibras.com.br\/#website\"},\"datePublished\":\"2019-09-25T19:58:38+00:00\",\"dateModified\":\"2019-09-25T20:02:32+00:00\",\"breadcrumb\":{\"@id\":\"https:\/\/www.oxibras.com.br\/empresa\/visao-missao-e-valores\/#breadcrumb\"},\"inLanguage\":\"es\",\"potentialAction\":[{\"@type\":\"ReadAction\",\"target\":[\"https:\/\/www.oxibras.com.br\/empresa\/visao-missao-e-valores\/\"]}]},{\"@type\":\"BreadcrumbList\",\"@id\":\"https:\/\/www.oxibras.com.br\/empresa\/visao-missao-e-valores\/#breadcrumb\",\"itemListElement\":[{\"@type\":\"ListItem\",\"position\":1,\"name\":\"In\\u00edcio\",\"item\":\"https:\/\/www.oxibras.com.br\/\"},{\"@type\":\"ListItem\",\"position\":2,\"name\":\"Empresa\",\"item\":\"https:\/\/www.oxibras.com.br\/empresa\/\"},{\"@type\":\"ListItem\",\"position\":3,\"name\":\"Miss\\u00e3o, vis\\u00e3o e valores\"}]}]}<\/script>\n<!-- \/ Yoast SEO plugin. -->","yoast_head_json":{"title":"(Portugu\u00eas do Brasil) Miss\u00e3o, vis\u00e3o e valores - Oxibras Corte &amp; Solda","robots":{"index":"index","follow":"follow","max-snippet":"max-snippet:-1","max-image-preview":"max-image-preview:large","max-video-preview":"max-video-preview:-1"},"canonical":"https:\/\/www.oxibras.com.br\/empresa\/visao-missao-e-valores\/","og_locale":"es_ES","og_type":"article","og_title":"(Portugu\u00eas do Brasil) Miss\u00e3o, vis\u00e3o e valores - Oxibras Corte &amp; Solda","og_description":"Disculpa, pero esta entrada est\u00e1 disponible s\u00f3lo en Portugu\u00e9s De Brasil. For the sake of viewer convenience, the content is shown below in the alternative language. You may click the link to switch the active language. Vis\u00e3o Tornar-se uma refer\u00eancia nacional na \u00e1rea de corte e solda.\u00a0 Miss\u00e3o Auxiliar as empresas brasileiras que necessitam de [&hellip;]","og_url":"https:\/\/www.oxibras.com.br\/empresa\/visao-missao-e-valores\/","og_site_name":"Oxibras Corte &amp; Solda","article_modified_time":"2019-09-25T20:02:32+00:00","twitter_card":"summary_large_image","schema":{"@context":"https:\/\/schema.org","@graph":[{"@type":"WebSite","@id":"https:\/\/www.oxibras.com.br\/#website","url":"https:\/\/www.oxibras.com.br\/","name":"Oxibras Corte &amp; Solda","description":"Empresa brasileira que h\u00e1 mais de 30 anos atua no mercado de corte e solda de metais","potentialAction":[{"@type":"SearchAction","target":{"@type":"EntryPoint","urlTemplate":"https:\/\/www.oxibras.com.br\/?s={search_term_string}"},"query-input":"required name=search_term_string"}],"inLanguage":"es"},{"@type":"WebPage","@id":"https:\/\/www.oxibras.com.br\/empresa\/visao-missao-e-valores\/#webpage","url":"https:\/\/www.oxibras.com.br\/empresa\/visao-missao-e-valores\/","name":"(Portugu\u00eas do Brasil) Miss\u00e3o, vis\u00e3o e valores - Oxibras Corte &amp; Solda","isPartOf":{"@id":"https:\/\/www.oxibras.com.br\/#website"},"datePublished":"2019-09-25T19:58:38+00:00","dateModified":"2019-09-25T20:02:32+00:00","breadcrumb":{"@id":"https:\/\/www.oxibras.com.br\/empresa\/visao-missao-e-valores\/#breadcrumb"},"inLanguage":"es","potentialAction":[{"@type":"ReadAction","target":["https:\/\/www.oxibras.com.br\/empresa\/visao-missao-e-valores\/"]}]},{"@type":"BreadcrumbList","@id":"https:\/\/www.oxibras.com.br\/empresa\/visao-missao-e-valores\/#breadcrumb","itemListElement":[{"@type":"ListItem","position":1,"name":"In\u00edcio","item":"https:\/\/www.oxibras.com.br\/"},{"@type":"ListItem","position":2,"name":"Empresa","item":"https:\/\/www.oxibras.com.br\/empresa\/"},{"@type":"ListItem","position":3,"name":"Miss\u00e3o, vis\u00e3o e valores"}]}]}},"_links":{"self":[{"href":"https:\/\/www.oxibras.com.br\/es\/wp-json\/wp\/v2\/pages\/745"}],"collection":[{"href":"https:\/\/www.oxibras.com.br\/es\/wp-json\/wp\/v2\/pages"}],"about":[{"href":"https:\/\/www.oxibras.com.br\/es\/wp-json\/wp\/v2\/types\/page"}],"author":[{"embeddable":true,"href":"https:\/\/www.oxibras.com.br\/es\/wp-json\/wp\/v2\/users\/1"}],"replies":[{"embeddable":true,"href":"https:\/\/www.oxibras.com.br\/es\/wp-json\/wp\/v2\/comments?post=745"}],"version-history":[{"count":7,"href":"https:\/\/www.oxibras.com.br\/es\/wp-json\/wp\/v2\/pages\/745\/revisions"}],"predecessor-version":[{"id":754,"href":"https:\/\/www.oxibras.com.br\/es\/wp-json\/wp\/v2\/pages\/745\/revisions\/754"}],"up":[{"embeddable":true,"href":"https:\/\/www.oxibras.com.br\/es\/wp-json\/wp\/v2\/pages\/7"}],"wp:attachment":[{"href":"https:\/\/www.oxibras.com.br\/es\/wp-json\/wp\/v2\/media?parent=745"}],"curies":[{"name":"wp","href":"https:\/\/api.w.org\/{rel}","templated":true}]}}