{"id":7,"date":"2019-08-26T15:22:20","date_gmt":"2019-08-26T18:22:20","guid":{"rendered":"http:\/\/servidorseguro.cloud\/oxibras\/?page_id=7"},"modified":"2021-01-28T09:26:25","modified_gmt":"2021-01-28T12:26:25","slug":"empresa","status":"publish","type":"page","link":"https:\/\/www.oxibras.com.br\/es\/empresa\/","title":{"rendered":"(Portugu\u00eas do Brasil) Empresa"},"content":{"rendered":"<p class=\"qtranxs-available-languages-message qtranxs-available-languages-message-es\">Disculpa, pero esta entrada est\u00e1 disponible s\u00f3lo en <a href=\"https:\/\/www.oxibras.com.br\/pb\/wp-json\/wp\/v2\/pages\/7\" class=\"qtranxs-available-language-link qtranxs-available-language-link-pb\" title=\"Portugu\u00eas do Brasil\">Portugu\u00e9s De Brasil<\/a>. For the sake of viewer convenience, the content is shown below in the alternative language. You may click the link to switch the active language.<\/p><p><img loading=\"lazy\" class=\"alignleft size-full wp-image-1380\" src=\"http:\/\/servidorseguro.cloud\/oxibras\/wp-content\/uploads\/2019\/12\/oxibras_01.png\" alt=\"\" width=\"404\" height=\"257\" srcset=\"https:\/\/www.oxibras.com.br\/wp-content\/uploads\/2019\/12\/oxibras_01.png 404w, https:\/\/www.oxibras.com.br\/wp-content\/uploads\/2019\/12\/oxibras_01-300x191.png 300w\" sizes=\"(max-width: 404px) 100vw, 404px\" \/><\/p>\n<h3><span style=\"color: #000080;\"><strong>OXIBRAS<\/strong><\/span><\/h3>\n<p>A Oxibras Equipamentos \u00e9 uma empresa brasileira que h\u00e1 mais de 30 anos atua no mercado de corte e solda de metais, oferecendo solu\u00e7\u00f5es com tecnologia de ponta e alta performance.<\/p>\n<p>A empresa fabrica, importa e distribui equipamentos de alta qualidade. Possui uma equipe qualificada, preparada para identificar as suas necessidades e oferecer as melhores solu\u00e7\u00f5es em solda e corte de metais. Localizada na Grande ABC, a Oxibras possui estrutura para atender todo o territ\u00f3rio nacional.<\/p>","protected":false},"excerpt":{"rendered":"<p>Disculpa, pero esta entrada est\u00e1 disponible s\u00f3lo en Portugu\u00e9s De Brasil. For the sake of viewer convenience, the content is shown below in the alternative language. You may click the link to switch the active language. OXIBRAS A Oxibras Equipamentos \u00e9 uma empresa brasileira que h\u00e1 mais de 30 anos atua no mercado de corte [&hellip;]<\/p>\n","protected":false},"author":1,"featured_media":0,"parent":0,"menu_order":0,"comment_status":"closed","ping_status":"closed","template":"","meta":[],"yoast_head":"<!-- This site is optimized with the Yoast SEO plugin v16.8 - https:\/\/yoast.com\/wordpress\/plugins\/seo\/ -->\n<title>Oxibras Equipamentos<\/title>\n<meta name=\"description\" content=\"A Oxibras \u00e9 uma empresa situada no ABC paulista, que h\u00e1 mais de 30 anos atua no mercado de corte e solda de metais, oferecendo solu\u00e7\u00f5es com tecnologia de ponta e alta performance.\" \/>\n<meta name=\"robots\" content=\"index, follow, max-snippet:-1, max-image-preview:large, max-video-preview:-1\" \/>\n<link rel=\"canonical\" href=\"https:\/\/www.oxibras.com.br\/empresa\/\" \/>\n<meta property=\"og:locale\" content=\"es_ES\" \/>\n<meta property=\"og:type\" content=\"article\" \/>\n<meta property=\"og:title\" content=\"Oxibras Equipamentos\" \/>\n<meta property=\"og:description\" content=\"A Oxibras \u00e9 uma empresa situada no ABC paulista, que h\u00e1 mais de 30 anos atua no mercado de corte e solda de metais, oferecendo solu\u00e7\u00f5es com tecnologia de ponta e alta performance.\" \/>\n<meta property=\"og:url\" content=\"https:\/\/www.oxibras.com.br\/empresa\/\" \/>\n<meta property=\"og:site_name\" content=\"Oxibras Corte &amp; Solda\" \/>\n<meta property=\"article:modified_time\" content=\"2021-01-28T12:26:25+00:00\" \/>\n<meta property=\"og:image\" content=\"http:\/\/servidorseguro.cloud\/oxibras\/wp-content\/uploads\/2019\/12\/oxibras_01.png\" \/>\n<meta name=\"twitter:card\" content=\"summary_large_image\" \/>\n<script type=\"application\/ld+json\" class=\"yoast-schema-graph\">{\"@context\":\"https:\/\/schema.org\",\"@graph\":[{\"@type\":\"WebSite\",\"@id\":\"https:\/\/www.oxibras.com.br\/#website\",\"url\":\"https:\/\/www.oxibras.com.br\/\",\"name\":\"Oxibras Corte &amp; Solda\",\"description\":\"Empresa brasileira que h\\u00e1 mais de 30 anos atua no mercado de corte e solda de metais\",\"potentialAction\":[{\"@type\":\"SearchAction\",\"target\":{\"@type\":\"EntryPoint\",\"urlTemplate\":\"https:\/\/www.oxibras.com.br\/?s={search_term_string}\"},\"query-input\":\"required name=search_term_string\"}],\"inLanguage\":\"es\"},{\"@type\":\"ImageObject\",\"@id\":\"https:\/\/www.oxibras.com.br\/empresa\/#primaryimage\",\"inLanguage\":\"es\",\"url\":\"http:\/\/servidorseguro.cloud\/oxibras\/wp-content\/uploads\/2019\/12\/oxibras_01.png\",\"contentUrl\":\"http:\/\/servidorseguro.cloud\/oxibras\/wp-content\/uploads\/2019\/12\/oxibras_01.png\"},{\"@type\":\"WebPage\",\"@id\":\"https:\/\/www.oxibras.com.br\/empresa\/#webpage\",\"url\":\"https:\/\/www.oxibras.com.br\/empresa\/\",\"name\":\"Oxibras Equipamentos\",\"isPartOf\":{\"@id\":\"https:\/\/www.oxibras.com.br\/#website\"},\"primaryImageOfPage\":{\"@id\":\"https:\/\/www.oxibras.com.br\/empresa\/#primaryimage\"},\"datePublished\":\"2019-08-26T18:22:20+00:00\",\"dateModified\":\"2021-01-28T12:26:25+00:00\",\"description\":\"A Oxibras \\u00e9 uma empresa situada no ABC paulista, que h\\u00e1 mais de 30 anos atua no mercado de corte e solda de metais, oferecendo solu\\u00e7\\u00f5es com tecnologia de ponta e alta performance.\",\"breadcrumb\":{\"@id\":\"https:\/\/www.oxibras.com.br\/empresa\/#breadcrumb\"},\"inLanguage\":\"es\",\"potentialAction\":[{\"@type\":\"ReadAction\",\"target\":[\"https:\/\/www.oxibras.com.br\/empresa\/\"]}]},{\"@type\":\"BreadcrumbList\",\"@id\":\"https:\/\/www.oxibras.com.br\/empresa\/#breadcrumb\",\"itemListElement\":[{\"@type\":\"ListItem\",\"position\":1,\"name\":\"In\\u00edcio\",\"item\":\"https:\/\/www.oxibras.com.br\/\"},{\"@type\":\"ListItem\",\"position\":2,\"name\":\"Empresa\"}]}]}<\/script>\n<!-- \/ Yoast SEO plugin. -->","yoast_head_json":{"title":"Oxibras Equipamentos","description":"A Oxibras \u00e9 uma empresa situada no ABC paulista, que h\u00e1 mais de 30 anos atua no mercado de corte e solda de metais, oferecendo solu\u00e7\u00f5es com tecnologia de ponta e alta performance.","robots":{"index":"index","follow":"follow","max-snippet":"max-snippet:-1","max-image-preview":"max-image-preview:large","max-video-preview":"max-video-preview:-1"},"canonical":"https:\/\/www.oxibras.com.br\/empresa\/","og_locale":"es_ES","og_type":"article","og_title":"Oxibras Equipamentos","og_description":"A Oxibras \u00e9 uma empresa situada no ABC paulista, que h\u00e1 mais de 30 anos atua no mercado de corte e solda de metais, oferecendo solu\u00e7\u00f5es com tecnologia de ponta e alta performance.","og_url":"https:\/\/www.oxibras.com.br\/empresa\/","og_site_name":"Oxibras Corte &amp; Solda","article_modified_time":"2021-01-28T12:26:25+00:00","og_image":[{"url":"http:\/\/servidorseguro.cloud\/oxibras\/wp-content\/uploads\/2019\/12\/oxibras_01.png"}],"twitter_card":"summary_large_image","schema":{"@context":"https:\/\/schema.org","@graph":[{"@type":"WebSite","@id":"https:\/\/www.oxibras.com.br\/#website","url":"https:\/\/www.oxibras.com.br\/","name":"Oxibras Corte &amp; Solda","description":"Empresa brasileira que h\u00e1 mais de 30 anos atua no mercado de corte e solda de metais","potentialAction":[{"@type":"SearchAction","target":{"@type":"EntryPoint","urlTemplate":"https:\/\/www.oxibras.com.br\/?s={search_term_string}"},"query-input":"required name=search_term_string"}],"inLanguage":"es"},{"@type":"ImageObject","@id":"https:\/\/www.oxibras.com.br\/empresa\/#primaryimage","inLanguage":"es","url":"http:\/\/servidorseguro.cloud\/oxibras\/wp-content\/uploads\/2019\/12\/oxibras_01.png","contentUrl":"http:\/\/servidorseguro.cloud\/oxibras\/wp-content\/uploads\/2019\/12\/oxibras_01.png"},{"@type":"WebPage","@id":"https:\/\/www.oxibras.com.br\/empresa\/#webpage","url":"https:\/\/www.oxibras.com.br\/empresa\/","name":"Oxibras Equipamentos","isPartOf":{"@id":"https:\/\/www.oxibras.com.br\/#website"},"primaryImageOfPage":{"@id":"https:\/\/www.oxibras.com.br\/empresa\/#primaryimage"},"datePublished":"2019-08-26T18:22:20+00:00","dateModified":"2021-01-28T12:26:25+00:00","description":"A Oxibras \u00e9 uma empresa situada no ABC paulista, que h\u00e1 mais de 30 anos atua no mercado de corte e solda de metais, oferecendo solu\u00e7\u00f5es com tecnologia de ponta e alta performance.","breadcrumb":{"@id":"https:\/\/www.oxibras.com.br\/empresa\/#breadcrumb"},"inLanguage":"es","potentialAction":[{"@type":"ReadAction","target":["https:\/\/www.oxibras.com.br\/empresa\/"]}]},{"@type":"BreadcrumbList","@id":"https:\/\/www.oxibras.com.br\/empresa\/#breadcrumb","itemListElement":[{"@type":"ListItem","position":1,"name":"In\u00edcio","item":"https:\/\/www.oxibras.com.br\/"},{"@type":"ListItem","position":2,"name":"Empresa"}]}]}},"_links":{"self":[{"href":"https:\/\/www.oxibras.com.br\/es\/wp-json\/wp\/v2\/pages\/7"}],"collection":[{"href":"https:\/\/www.oxibras.com.br\/es\/wp-json\/wp\/v2\/pages"}],"about":[{"href":"https:\/\/www.oxibras.com.br\/es\/wp-json\/wp\/v2\/types\/page"}],"author":[{"embeddable":true,"href":"https:\/\/www.oxibras.com.br\/es\/wp-json\/wp\/v2\/users\/1"}],"replies":[{"embeddable":true,"href":"https:\/\/www.oxibras.com.br\/es\/wp-json\/wp\/v2\/comments?post=7"}],"version-history":[{"count":19,"href":"https:\/\/www.oxibras.com.br\/es\/wp-json\/wp\/v2\/pages\/7\/revisions"}],"predecessor-version":[{"id":1785,"href":"https:\/\/www.oxibras.com.br\/es\/wp-json\/wp\/v2\/pages\/7\/revisions\/1785"}],"wp:attachment":[{"href":"https:\/\/www.oxibras.com.br\/es\/wp-json\/wp\/v2\/media?parent=7"}],"curies":[{"name":"wp","href":"https:\/\/api.w.org\/{rel}","templated":true}]}}