{"id":20,"date":"2019-08-26T15:24:47","date_gmt":"2019-08-26T18:24:47","guid":{"rendered":"http:\/\/servidorseguro.cloud\/oxibras\/?page_id=20"},"modified":"2019-12-23T15:38:52","modified_gmt":"2019-12-23T17:38:52","slug":"assistencia","status":"publish","type":"page","link":"https:\/\/www.oxibras.com.br\/es\/assistencia\/","title":{"rendered":"(Portugu\u00eas do Brasil) Assist\u00eancia"},"content":{"rendered":"<p class=\"qtranxs-available-languages-message qtranxs-available-languages-message-es\">Disculpa, pero esta entrada est\u00e1 disponible s\u00f3lo en <a href=\"https:\/\/www.oxibras.com.br\/pb\/wp-json\/wp\/v2\/pages\/20\" class=\"qtranxs-available-language-link qtranxs-available-language-link-pb\" title=\"Portugu\u00eas do Brasil\">Portugu\u00e9s De Brasil<\/a>. For the sake of viewer convenience, the content is shown below in the alternative language. You may click the link to switch the active language.<\/p><p><\/p>\n<h3><img loading=\"lazy\" class=\"alignleft size-full wp-image-1389\" src=\"http:\/\/servidorseguro.cloud\/oxibras\/wp-content\/uploads\/2019\/12\/alugatec01.png\" alt=\"\" width=\"404\" height=\"257\" srcset=\"https:\/\/www.oxibras.com.br\/wp-content\/uploads\/2019\/12\/alugatec01.png 404w, https:\/\/www.oxibras.com.br\/wp-content\/uploads\/2019\/12\/alugatec01-300x191.png 300w\" sizes=\"(max-width: 404px) 100vw, 404px\" \/><strong style=\"color: #000080;\">ASSIST\u00caNCIA T\u00c9CNICA<\/strong><\/h3>\n<p>Os clientes da Oxibras contam com o apoio t\u00e9cnico personalizado atrav\u00e9s de uma assist\u00eancia t\u00e9cnica pr\u00f3pria, composta por t\u00e9cnicos treinados e especializados na \u00e1rea de manuten\u00e7\u00e3o de equipamentos de soldagem e corte. <strong>Contate: (11) 4398-6000<\/strong><\/p>\n<ul>\n<li>Servi\u00e7o de Assist\u00eancia T\u00e9cnica e loca\u00e7\u00e3o para m\u00e1quinas de Solda e Corte plasma.<\/li>\n<li>Servi\u00e7o de Assist\u00eancia T\u00e9cnica e loca\u00e7\u00e3o para tochas, ma\u00e7aricos e reguladores<\/li>\n<li>Retrofittings em M\u00e1quinas de corte CNC<\/li>\n<\/ul>\n<p>&nbsp;<\/p>","protected":false},"excerpt":{"rendered":"<p>Disculpa, pero esta entrada est\u00e1 disponible s\u00f3lo en Portugu\u00e9s De Brasil. For the sake of viewer convenience, the content is shown below in the alternative language. You may click the link to switch the active language. ASSIST\u00caNCIA T\u00c9CNICA Os clientes da Oxibras contam com o apoio t\u00e9cnico personalizado atrav\u00e9s de uma assist\u00eancia t\u00e9cnica pr\u00f3pria, composta [&hellip;]<\/p>\n","protected":false},"author":1,"featured_media":0,"parent":0,"menu_order":0,"comment_status":"closed","ping_status":"closed","template":"","meta":[],"yoast_head":"<!-- This site is optimized with the Yoast SEO plugin v16.8 - https:\/\/yoast.com\/wordpress\/plugins\/seo\/ -->\n<title>(Portugu\u00eas do Brasil) Assist\u00eancia - Oxibras Corte &amp; Solda<\/title>\n<meta name=\"robots\" content=\"index, follow, max-snippet:-1, max-image-preview:large, max-video-preview:-1\" \/>\n<link rel=\"canonical\" href=\"https:\/\/www.oxibras.com.br\/en\/assistencia\/\" \/>\n<meta property=\"og:locale\" content=\"es_ES\" \/>\n<meta property=\"og:type\" content=\"article\" \/>\n<meta property=\"og:title\" content=\"(Portugu\u00eas do Brasil) Assist\u00eancia - Oxibras Corte &amp; Solda\" \/>\n<meta property=\"og:description\" content=\"Disculpa, pero esta entrada est\u00e1 disponible s\u00f3lo en Portugu\u00e9s De Brasil. For the sake of viewer convenience, the content is shown below in the alternative language. You may click the link to switch the active language. ASSIST\u00caNCIA T\u00c9CNICA Os clientes da Oxibras contam com o apoio t\u00e9cnico personalizado atrav\u00e9s de uma assist\u00eancia t\u00e9cnica pr\u00f3pria, composta [&hellip;]\" \/>\n<meta property=\"og:url\" content=\"https:\/\/www.oxibras.com.br\/en\/assistencia\/\" \/>\n<meta property=\"og:site_name\" content=\"Oxibras Corte &amp; Solda\" \/>\n<meta property=\"article:modified_time\" content=\"2019-12-23T17:38:52+00:00\" \/>\n<meta property=\"og:image\" content=\"http:\/\/servidorseguro.cloud\/oxibras\/wp-content\/uploads\/2019\/12\/alugatec01.png\" \/>\n<meta name=\"twitter:card\" content=\"summary_large_image\" \/>\n<script type=\"application\/ld+json\" class=\"yoast-schema-graph\">{\"@context\":\"https:\/\/schema.org\",\"@graph\":[{\"@type\":\"WebSite\",\"@id\":\"https:\/\/www.oxibras.com.br\/#website\",\"url\":\"https:\/\/www.oxibras.com.br\/\",\"name\":\"Oxibras Corte &amp; Solda\",\"description\":\"Empresa brasileira que h\\u00e1 mais de 30 anos atua no mercado de corte e solda de metais\",\"potentialAction\":[{\"@type\":\"SearchAction\",\"target\":{\"@type\":\"EntryPoint\",\"urlTemplate\":\"https:\/\/www.oxibras.com.br\/?s={search_term_string}\"},\"query-input\":\"required name=search_term_string\"}],\"inLanguage\":\"es\"},{\"@type\":\"ImageObject\",\"@id\":\"https:\/\/www.oxibras.com.br\/en\/assistencia\/#primaryimage\",\"inLanguage\":\"es\",\"url\":\"http:\/\/servidorseguro.cloud\/oxibras\/wp-content\/uploads\/2019\/12\/alugatec01.png\",\"contentUrl\":\"http:\/\/servidorseguro.cloud\/oxibras\/wp-content\/uploads\/2019\/12\/alugatec01.png\"},{\"@type\":\"WebPage\",\"@id\":\"https:\/\/www.oxibras.com.br\/en\/assistencia\/#webpage\",\"url\":\"https:\/\/www.oxibras.com.br\/en\/assistencia\/\",\"name\":\"(Portugu\\u00eas do Brasil) Assist\\u00eancia - Oxibras Corte &amp; Solda\",\"isPartOf\":{\"@id\":\"https:\/\/www.oxibras.com.br\/#website\"},\"primaryImageOfPage\":{\"@id\":\"https:\/\/www.oxibras.com.br\/en\/assistencia\/#primaryimage\"},\"datePublished\":\"2019-08-26T18:24:47+00:00\",\"dateModified\":\"2019-12-23T17:38:52+00:00\",\"breadcrumb\":{\"@id\":\"https:\/\/www.oxibras.com.br\/en\/assistencia\/#breadcrumb\"},\"inLanguage\":\"es\",\"potentialAction\":[{\"@type\":\"ReadAction\",\"target\":[\"https:\/\/www.oxibras.com.br\/en\/assistencia\/\"]}]},{\"@type\":\"BreadcrumbList\",\"@id\":\"https:\/\/www.oxibras.com.br\/en\/assistencia\/#breadcrumb\",\"itemListElement\":[{\"@type\":\"ListItem\",\"position\":1,\"name\":\"In\\u00edcio\",\"item\":\"https:\/\/www.oxibras.com.br\/\"},{\"@type\":\"ListItem\",\"position\":2,\"name\":\"(Portugu\\u00eas do Brasil) Assist\\u00eancia\"}]}]}<\/script>\n<!-- \/ Yoast SEO plugin. -->","yoast_head_json":{"title":"(Portugu\u00eas do Brasil) Assist\u00eancia - Oxibras Corte &amp; Solda","robots":{"index":"index","follow":"follow","max-snippet":"max-snippet:-1","max-image-preview":"max-image-preview:large","max-video-preview":"max-video-preview:-1"},"canonical":"https:\/\/www.oxibras.com.br\/en\/assistencia\/","og_locale":"es_ES","og_type":"article","og_title":"(Portugu\u00eas do Brasil) Assist\u00eancia - Oxibras Corte &amp; Solda","og_description":"Disculpa, pero esta entrada est\u00e1 disponible s\u00f3lo en Portugu\u00e9s De Brasil. For the sake of viewer convenience, the content is shown below in the alternative language. You may click the link to switch the active language. ASSIST\u00caNCIA T\u00c9CNICA Os clientes da Oxibras contam com o apoio t\u00e9cnico personalizado atrav\u00e9s de uma assist\u00eancia t\u00e9cnica pr\u00f3pria, composta [&hellip;]","og_url":"https:\/\/www.oxibras.com.br\/en\/assistencia\/","og_site_name":"Oxibras Corte &amp; Solda","article_modified_time":"2019-12-23T17:38:52+00:00","og_image":[{"url":"http:\/\/servidorseguro.cloud\/oxibras\/wp-content\/uploads\/2019\/12\/alugatec01.png"}],"twitter_card":"summary_large_image","schema":{"@context":"https:\/\/schema.org","@graph":[{"@type":"WebSite","@id":"https:\/\/www.oxibras.com.br\/#website","url":"https:\/\/www.oxibras.com.br\/","name":"Oxibras Corte &amp; Solda","description":"Empresa brasileira que h\u00e1 mais de 30 anos atua no mercado de corte e solda de metais","potentialAction":[{"@type":"SearchAction","target":{"@type":"EntryPoint","urlTemplate":"https:\/\/www.oxibras.com.br\/?s={search_term_string}"},"query-input":"required name=search_term_string"}],"inLanguage":"es"},{"@type":"ImageObject","@id":"https:\/\/www.oxibras.com.br\/en\/assistencia\/#primaryimage","inLanguage":"es","url":"http:\/\/servidorseguro.cloud\/oxibras\/wp-content\/uploads\/2019\/12\/alugatec01.png","contentUrl":"http:\/\/servidorseguro.cloud\/oxibras\/wp-content\/uploads\/2019\/12\/alugatec01.png"},{"@type":"WebPage","@id":"https:\/\/www.oxibras.com.br\/en\/assistencia\/#webpage","url":"https:\/\/www.oxibras.com.br\/en\/assistencia\/","name":"(Portugu\u00eas do Brasil) Assist\u00eancia - Oxibras Corte &amp; Solda","isPartOf":{"@id":"https:\/\/www.oxibras.com.br\/#website"},"primaryImageOfPage":{"@id":"https:\/\/www.oxibras.com.br\/en\/assistencia\/#primaryimage"},"datePublished":"2019-08-26T18:24:47+00:00","dateModified":"2019-12-23T17:38:52+00:00","breadcrumb":{"@id":"https:\/\/www.oxibras.com.br\/en\/assistencia\/#breadcrumb"},"inLanguage":"es","potentialAction":[{"@type":"ReadAction","target":["https:\/\/www.oxibras.com.br\/en\/assistencia\/"]}]},{"@type":"BreadcrumbList","@id":"https:\/\/www.oxibras.com.br\/en\/assistencia\/#breadcrumb","itemListElement":[{"@type":"ListItem","position":1,"name":"In\u00edcio","item":"https:\/\/www.oxibras.com.br\/"},{"@type":"ListItem","position":2,"name":"(Portugu\u00eas do Brasil) Assist\u00eancia"}]}]}},"_links":{"self":[{"href":"https:\/\/www.oxibras.com.br\/es\/wp-json\/wp\/v2\/pages\/20"}],"collection":[{"href":"https:\/\/www.oxibras.com.br\/es\/wp-json\/wp\/v2\/pages"}],"about":[{"href":"https:\/\/www.oxibras.com.br\/es\/wp-json\/wp\/v2\/types\/page"}],"author":[{"embeddable":true,"href":"https:\/\/www.oxibras.com.br\/es\/wp-json\/wp\/v2\/users\/1"}],"replies":[{"embeddable":true,"href":"https:\/\/www.oxibras.com.br\/es\/wp-json\/wp\/v2\/comments?post=20"}],"version-history":[{"count":8,"href":"https:\/\/www.oxibras.com.br\/es\/wp-json\/wp\/v2\/pages\/20\/revisions"}],"predecessor-version":[{"id":1391,"href":"https:\/\/www.oxibras.com.br\/es\/wp-json\/wp\/v2\/pages\/20\/revisions\/1391"}],"wp:attachment":[{"href":"https:\/\/www.oxibras.com.br\/es\/wp-json\/wp\/v2\/media?parent=20"}],"curies":[{"name":"wp","href":"https:\/\/api.w.org\/{rel}","templated":true}]}}