{"id":12,"date":"2019-08-26T15:23:44","date_gmt":"2019-08-26T18:23:44","guid":{"rendered":"http:\/\/servidorseguro.cloud\/oxibras\/?page_id=12"},"modified":"2019-08-26T18:36:17","modified_gmt":"2019-08-26T21:36:17","slug":"videos-oxibras-solda","status":"publish","type":"page","link":"https:\/\/www.oxibras.com.br\/es\/empresa\/videos-oxibras-solda\/","title":{"rendered":"(Portugu\u00eas do Brasil) V\u00cdDEOS OXIBRAS"},"content":{"rendered":"<p class=\"qtranxs-available-languages-message qtranxs-available-languages-message-es\">Disculpa, pero esta entrada est\u00e1 disponible s\u00f3lo en <a href=\"https:\/\/www.oxibras.com.br\/pb\/wp-json\/wp\/v2\/pages\/12\" class=\"qtranxs-available-language-link qtranxs-available-language-link-pb\" title=\"Portugu\u00eas do Brasil\">Portugu\u00e9s De Brasil<\/a>. For the sake of viewer convenience, the content is shown below in the alternative language. You may click the link to switch the active language.<\/p><p>N\u00e3o edite ou apague ou essa p\u00e1gina.<\/p>\n<p>Para adicionar ou editar v\u00eddeos clique no menu lateral esquerdo \u00abv\u00eddeo oxibras\u00bb<\/p>","protected":false},"excerpt":{"rendered":"<p>Disculpa, pero esta entrada est\u00e1 disponible s\u00f3lo en Portugu\u00e9s De Brasil. For the sake of viewer convenience, the content is shown below in the alternative language. You may click the link to switch the active language.N\u00e3o edite ou apague ou essa p\u00e1gina. Para adicionar ou editar v\u00eddeos clique no menu lateral esquerdo \u00abv\u00eddeo oxibras\u00bb<\/p>\n","protected":false},"author":1,"featured_media":0,"parent":7,"menu_order":0,"comment_status":"closed","ping_status":"closed","template":"modelo-videos.php","meta":[],"yoast_head":"<!-- This site is optimized with the Yoast SEO plugin v16.8 - https:\/\/yoast.com\/wordpress\/plugins\/seo\/ -->\n<title>(Portugu\u00eas do Brasil) V\u00cdDEOS OXIBRAS - Oxibras Corte &amp; Solda<\/title>\n<meta name=\"robots\" content=\"index, follow, max-snippet:-1, max-image-preview:large, max-video-preview:-1\" \/>\n<link rel=\"canonical\" href=\"https:\/\/www.oxibras.com.br\/en\/empresa\/videos-oxibras-solda\/\" \/>\n<meta property=\"og:locale\" content=\"es_ES\" \/>\n<meta property=\"og:type\" content=\"article\" \/>\n<meta property=\"og:title\" content=\"(Portugu\u00eas do Brasil) V\u00cdDEOS OXIBRAS - Oxibras Corte &amp; Solda\" \/>\n<meta property=\"og:description\" content=\"Disculpa, pero esta entrada est\u00e1 disponible s\u00f3lo en Portugu\u00e9s De Brasil. For the sake of viewer convenience, the content is shown below in the alternative language. You may click the link to switch the active language.N\u00e3o edite ou apague ou essa p\u00e1gina. Para adicionar ou editar v\u00eddeos clique no menu lateral esquerdo \u00abv\u00eddeo oxibras\u00bb\" \/>\n<meta property=\"og:url\" content=\"https:\/\/www.oxibras.com.br\/en\/empresa\/videos-oxibras-solda\/\" \/>\n<meta property=\"og:site_name\" content=\"Oxibras Corte &amp; Solda\" \/>\n<meta property=\"article:modified_time\" content=\"2019-08-26T21:36:17+00:00\" \/>\n<meta name=\"twitter:card\" content=\"summary_large_image\" \/>\n<script type=\"application\/ld+json\" class=\"yoast-schema-graph\">{\"@context\":\"https:\/\/schema.org\",\"@graph\":[{\"@type\":\"WebSite\",\"@id\":\"https:\/\/www.oxibras.com.br\/#website\",\"url\":\"https:\/\/www.oxibras.com.br\/\",\"name\":\"Oxibras Corte &amp; Solda\",\"description\":\"Empresa brasileira que h\\u00e1 mais de 30 anos atua no mercado de corte e solda de metais\",\"potentialAction\":[{\"@type\":\"SearchAction\",\"target\":{\"@type\":\"EntryPoint\",\"urlTemplate\":\"https:\/\/www.oxibras.com.br\/?s={search_term_string}\"},\"query-input\":\"required name=search_term_string\"}],\"inLanguage\":\"es\"},{\"@type\":\"WebPage\",\"@id\":\"https:\/\/www.oxibras.com.br\/en\/empresa\/videos-oxibras-solda\/#webpage\",\"url\":\"https:\/\/www.oxibras.com.br\/en\/empresa\/videos-oxibras-solda\/\",\"name\":\"(Portugu\\u00eas do Brasil) V\\u00cdDEOS OXIBRAS - Oxibras Corte &amp; Solda\",\"isPartOf\":{\"@id\":\"https:\/\/www.oxibras.com.br\/#website\"},\"datePublished\":\"2019-08-26T18:23:44+00:00\",\"dateModified\":\"2019-08-26T21:36:17+00:00\",\"breadcrumb\":{\"@id\":\"https:\/\/www.oxibras.com.br\/en\/empresa\/videos-oxibras-solda\/#breadcrumb\"},\"inLanguage\":\"es\",\"potentialAction\":[{\"@type\":\"ReadAction\",\"target\":[\"https:\/\/www.oxibras.com.br\/en\/empresa\/videos-oxibras-solda\/\"]}]},{\"@type\":\"BreadcrumbList\",\"@id\":\"https:\/\/www.oxibras.com.br\/en\/empresa\/videos-oxibras-solda\/#breadcrumb\",\"itemListElement\":[{\"@type\":\"ListItem\",\"position\":1,\"name\":\"In\\u00edcio\",\"item\":\"https:\/\/www.oxibras.com.br\/\"},{\"@type\":\"ListItem\",\"position\":2,\"name\":\"Empresa\",\"item\":\"https:\/\/www.oxibras.com.br\/empresa\/\"},{\"@type\":\"ListItem\",\"position\":3,\"name\":\"(Portugu\\u00eas do Brasil) V\\u00cdDEOS OXIBRAS\"}]}]}<\/script>\n<!-- \/ Yoast SEO plugin. -->","yoast_head_json":{"title":"(Portugu\u00eas do Brasil) V\u00cdDEOS OXIBRAS - Oxibras Corte &amp; Solda","robots":{"index":"index","follow":"follow","max-snippet":"max-snippet:-1","max-image-preview":"max-image-preview:large","max-video-preview":"max-video-preview:-1"},"canonical":"https:\/\/www.oxibras.com.br\/en\/empresa\/videos-oxibras-solda\/","og_locale":"es_ES","og_type":"article","og_title":"(Portugu\u00eas do Brasil) V\u00cdDEOS OXIBRAS - Oxibras Corte &amp; Solda","og_description":"Disculpa, pero esta entrada est\u00e1 disponible s\u00f3lo en Portugu\u00e9s De Brasil. For the sake of viewer convenience, the content is shown below in the alternative language. You may click the link to switch the active language.N\u00e3o edite ou apague ou essa p\u00e1gina. Para adicionar ou editar v\u00eddeos clique no menu lateral esquerdo \u00abv\u00eddeo oxibras\u00bb","og_url":"https:\/\/www.oxibras.com.br\/en\/empresa\/videos-oxibras-solda\/","og_site_name":"Oxibras Corte &amp; Solda","article_modified_time":"2019-08-26T21:36:17+00:00","twitter_card":"summary_large_image","schema":{"@context":"https:\/\/schema.org","@graph":[{"@type":"WebSite","@id":"https:\/\/www.oxibras.com.br\/#website","url":"https:\/\/www.oxibras.com.br\/","name":"Oxibras Corte &amp; Solda","description":"Empresa brasileira que h\u00e1 mais de 30 anos atua no mercado de corte e solda de metais","potentialAction":[{"@type":"SearchAction","target":{"@type":"EntryPoint","urlTemplate":"https:\/\/www.oxibras.com.br\/?s={search_term_string}"},"query-input":"required name=search_term_string"}],"inLanguage":"es"},{"@type":"WebPage","@id":"https:\/\/www.oxibras.com.br\/en\/empresa\/videos-oxibras-solda\/#webpage","url":"https:\/\/www.oxibras.com.br\/en\/empresa\/videos-oxibras-solda\/","name":"(Portugu\u00eas do Brasil) V\u00cdDEOS OXIBRAS - Oxibras Corte &amp; Solda","isPartOf":{"@id":"https:\/\/www.oxibras.com.br\/#website"},"datePublished":"2019-08-26T18:23:44+00:00","dateModified":"2019-08-26T21:36:17+00:00","breadcrumb":{"@id":"https:\/\/www.oxibras.com.br\/en\/empresa\/videos-oxibras-solda\/#breadcrumb"},"inLanguage":"es","potentialAction":[{"@type":"ReadAction","target":["https:\/\/www.oxibras.com.br\/en\/empresa\/videos-oxibras-solda\/"]}]},{"@type":"BreadcrumbList","@id":"https:\/\/www.oxibras.com.br\/en\/empresa\/videos-oxibras-solda\/#breadcrumb","itemListElement":[{"@type":"ListItem","position":1,"name":"In\u00edcio","item":"https:\/\/www.oxibras.com.br\/"},{"@type":"ListItem","position":2,"name":"Empresa","item":"https:\/\/www.oxibras.com.br\/empresa\/"},{"@type":"ListItem","position":3,"name":"(Portugu\u00eas do Brasil) V\u00cdDEOS OXIBRAS"}]}]}},"_links":{"self":[{"href":"https:\/\/www.oxibras.com.br\/es\/wp-json\/wp\/v2\/pages\/12"}],"collection":[{"href":"https:\/\/www.oxibras.com.br\/es\/wp-json\/wp\/v2\/pages"}],"about":[{"href":"https:\/\/www.oxibras.com.br\/es\/wp-json\/wp\/v2\/types\/page"}],"author":[{"embeddable":true,"href":"https:\/\/www.oxibras.com.br\/es\/wp-json\/wp\/v2\/users\/1"}],"replies":[{"embeddable":true,"href":"https:\/\/www.oxibras.com.br\/es\/wp-json\/wp\/v2\/comments?post=12"}],"version-history":[{"count":2,"href":"https:\/\/www.oxibras.com.br\/es\/wp-json\/wp\/v2\/pages\/12\/revisions"}],"predecessor-version":[{"id":124,"href":"https:\/\/www.oxibras.com.br\/es\/wp-json\/wp\/v2\/pages\/12\/revisions\/124"}],"up":[{"embeddable":true,"href":"https:\/\/www.oxibras.com.br\/es\/wp-json\/wp\/v2\/pages\/7"}],"wp:attachment":[{"href":"https:\/\/www.oxibras.com.br\/es\/wp-json\/wp\/v2\/media?parent=12"}],"curies":[{"name":"wp","href":"https:\/\/api.w.org\/{rel}","templated":true}]}}