{"id":10,"date":"2019-08-26T15:23:28","date_gmt":"2019-08-26T18:23:28","guid":{"rendered":"http:\/\/servidorseguro.cloud\/oxibras\/?page_id=10"},"modified":"2021-01-28T09:36:32","modified_gmt":"2021-01-28T12:36:32","slug":"canal-kemppi","status":"publish","type":"page","link":"https:\/\/www.oxibras.com.br\/es\/empresa\/canal-kemppi\/","title":{"rendered":"(Portugu\u00eas do Brasil) Institucional"},"content":{"rendered":"<p class=\"qtranxs-available-languages-message qtranxs-available-languages-message-es\">Disculpa, pero esta entrada est\u00e1 disponible s\u00f3lo en <a href=\"https:\/\/www.oxibras.com.br\/pb\/wp-json\/wp\/v2\/pages\/10\" class=\"qtranxs-available-language-link qtranxs-available-language-link-pb\" title=\"Portugu\u00eas do Brasil\">Portugu\u00e9s De Brasil<\/a>. For the sake of viewer convenience, the content is shown below in the alternative language. You may click the link to switch the active language.<\/p><p><\/p>\n<h3><span style=\"color: #000080;\"><strong>Hist\u00f3rico<span class=\"Apple-converted-space\">\u00a0<\/span><\/strong><\/span><\/h3>\n<p><strong>1990<\/strong> &#8211; A empresa Oxibras \u00e9 fundada em S\u00e3o Bernardo do Campo, distribuindo consum\u00edveis para solda e corte de Metais e produtos de soldagem.<\/p>\n<p><strong>1993<\/strong> &#8211; Visando prestar servi\u00e7os de manuten\u00e7\u00e3o e loca\u00e7\u00e3o de equipamentos de solda e corte para os clientes da Oxibras, \u00e9 fundada a empresa Alugatec, que j\u00e1 nasceu como uma das assist\u00eancias t\u00e9cnicas mais equipadas do Brasil.<\/p>\n<p><strong>1995<\/strong> &#8211; A Oxibras fecha uma parceria internacional para distribuir equipamentos de tecnologia pulsada no Brasil, inova\u00e7\u00e3o na \u00e9poca.<\/p>\n<p><strong>2000<\/strong> &#8211; Mudan\u00e7a da sede, para novas instala\u00e7\u00f5es no centro de S\u00e3o Bernardo do Campo.<\/p>\n<p><strong>2004<\/strong> &#8211; \u00c9 fundada a Euromig, destinada a fabrica\u00e7\u00e3o de dispositivos de solda e corte.<\/p>\n<p><strong>2008<\/strong> &#8211; A Oxibras \u00e9 certificada ISO 9001.<\/p>\n<p><strong>2009<\/strong> &#8211; A Oxibras fecha um contrato de distribui\u00e7\u00e3o e assist\u00eancia t\u00e9cnica com a multinacional finlandesa Kemppi, para distribui\u00e7\u00e3o de equipamentos de soldagem de alta tecnologia no Brasil.<\/p>\n<p><strong>2013<\/strong> &#8211; A Oxibras se torna distribuidora dos equipamentos de solda pino BTH, divis\u00e3o do renomado grupo alem\u00e3o Scholer-Bolte.<\/p>\n<p><strong>2017<\/strong> &#8211; A Oxibras fecha parceria com a Rhodius, empresa Alem\u00e3 fabricante de Abrasivos Premium.<\/p>\n<p><strong>2018<\/strong> &#8211; \u00c9 formada uma parceria com uma multinacional Inglesa. Com isso a Oxibras come\u00e7a distribuir tochas MIG e TIG com marca pr\u00f3pria no Brasil.<\/p>\n<p><strong>2020<\/strong>\u00a0&#8211; A Oxibras completa 30 anos.<\/p>","protected":false},"excerpt":{"rendered":"<p>Disculpa, pero esta entrada est\u00e1 disponible s\u00f3lo en Portugu\u00e9s De Brasil. For the sake of viewer convenience, the content is shown below in the alternative language. You may click the link to switch the active language. Hist\u00f3rico\u00a0 1990 &#8211; A empresa Oxibras \u00e9 fundada em S\u00e3o Bernardo do Campo, distribuindo consum\u00edveis para solda e corte [&hellip;]<\/p>\n","protected":false},"author":1,"featured_media":0,"parent":7,"menu_order":0,"comment_status":"closed","ping_status":"closed","template":"","meta":[],"yoast_head":"<!-- This site is optimized with the Yoast SEO plugin v16.8 - https:\/\/yoast.com\/wordpress\/plugins\/seo\/ -->\n<title>(Portugu\u00eas do Brasil) Institucional - Oxibras Corte &amp; Solda<\/title>\n<meta name=\"description\" content=\"A Oxibras foi fundada em 1990 em S\u00e3o Bernardo do Campo, distribuindo consum\u00edveis para solda e corte de Metais e produtos de soldagem.\" \/>\n<meta name=\"robots\" content=\"index, follow, max-snippet:-1, max-image-preview:large, max-video-preview:-1\" \/>\n<link rel=\"canonical\" href=\"https:\/\/www.oxibras.com.br\/empresa\/canal-kemppi\/\" \/>\n<meta property=\"og:locale\" content=\"es_ES\" \/>\n<meta property=\"og:type\" content=\"article\" \/>\n<meta property=\"og:title\" content=\"(Portugu\u00eas do Brasil) Institucional - Oxibras Corte &amp; Solda\" \/>\n<meta property=\"og:description\" content=\"A Oxibras foi fundada em 1990 em S\u00e3o Bernardo do Campo, distribuindo consum\u00edveis para solda e corte de Metais e produtos de soldagem.\" \/>\n<meta property=\"og:url\" content=\"https:\/\/www.oxibras.com.br\/empresa\/canal-kemppi\/\" \/>\n<meta property=\"og:site_name\" content=\"Oxibras Corte &amp; Solda\" \/>\n<meta property=\"article:modified_time\" content=\"2021-01-28T12:36:32+00:00\" \/>\n<meta name=\"twitter:card\" content=\"summary_large_image\" \/>\n<meta name=\"twitter:label1\" content=\"Tiempo de lectura\" \/>\n\t<meta name=\"twitter:data1\" content=\"1 minuto\" \/>\n<script type=\"application\/ld+json\" class=\"yoast-schema-graph\">{\"@context\":\"https:\/\/schema.org\",\"@graph\":[{\"@type\":\"WebSite\",\"@id\":\"https:\/\/www.oxibras.com.br\/#website\",\"url\":\"https:\/\/www.oxibras.com.br\/\",\"name\":\"Oxibras Corte &amp; Solda\",\"description\":\"Empresa brasileira que h\\u00e1 mais de 30 anos atua no mercado de corte e solda de metais\",\"potentialAction\":[{\"@type\":\"SearchAction\",\"target\":{\"@type\":\"EntryPoint\",\"urlTemplate\":\"https:\/\/www.oxibras.com.br\/?s={search_term_string}\"},\"query-input\":\"required name=search_term_string\"}],\"inLanguage\":\"es\"},{\"@type\":\"WebPage\",\"@id\":\"https:\/\/www.oxibras.com.br\/empresa\/canal-kemppi\/#webpage\",\"url\":\"https:\/\/www.oxibras.com.br\/empresa\/canal-kemppi\/\",\"name\":\"(Portugu\\u00eas do Brasil) Institucional - Oxibras Corte &amp; Solda\",\"isPartOf\":{\"@id\":\"https:\/\/www.oxibras.com.br\/#website\"},\"datePublished\":\"2019-08-26T18:23:28+00:00\",\"dateModified\":\"2021-01-28T12:36:32+00:00\",\"description\":\"A Oxibras foi fundada em 1990 em S\\u00e3o Bernardo do Campo, distribuindo consum\\u00edveis para solda e corte de Metais e produtos de soldagem.\",\"breadcrumb\":{\"@id\":\"https:\/\/www.oxibras.com.br\/empresa\/canal-kemppi\/#breadcrumb\"},\"inLanguage\":\"es\",\"potentialAction\":[{\"@type\":\"ReadAction\",\"target\":[\"https:\/\/www.oxibras.com.br\/empresa\/canal-kemppi\/\"]}]},{\"@type\":\"BreadcrumbList\",\"@id\":\"https:\/\/www.oxibras.com.br\/empresa\/canal-kemppi\/#breadcrumb\",\"itemListElement\":[{\"@type\":\"ListItem\",\"position\":1,\"name\":\"In\\u00edcio\",\"item\":\"https:\/\/www.oxibras.com.br\/\"},{\"@type\":\"ListItem\",\"position\":2,\"name\":\"Empresa\",\"item\":\"https:\/\/www.oxibras.com.br\/empresa\/\"},{\"@type\":\"ListItem\",\"position\":3,\"name\":\"Institucional\"}]}]}<\/script>\n<!-- \/ Yoast SEO plugin. -->","yoast_head_json":{"title":"(Portugu\u00eas do Brasil) Institucional - Oxibras Corte &amp; Solda","description":"A Oxibras foi fundada em 1990 em S\u00e3o Bernardo do Campo, distribuindo consum\u00edveis para solda e corte de Metais e produtos de soldagem.","robots":{"index":"index","follow":"follow","max-snippet":"max-snippet:-1","max-image-preview":"max-image-preview:large","max-video-preview":"max-video-preview:-1"},"canonical":"https:\/\/www.oxibras.com.br\/empresa\/canal-kemppi\/","og_locale":"es_ES","og_type":"article","og_title":"(Portugu\u00eas do Brasil) Institucional - Oxibras Corte &amp; Solda","og_description":"A Oxibras foi fundada em 1990 em S\u00e3o Bernardo do Campo, distribuindo consum\u00edveis para solda e corte de Metais e produtos de soldagem.","og_url":"https:\/\/www.oxibras.com.br\/empresa\/canal-kemppi\/","og_site_name":"Oxibras Corte &amp; Solda","article_modified_time":"2021-01-28T12:36:32+00:00","twitter_card":"summary_large_image","twitter_misc":{"Tiempo de lectura":"1 minuto"},"schema":{"@context":"https:\/\/schema.org","@graph":[{"@type":"WebSite","@id":"https:\/\/www.oxibras.com.br\/#website","url":"https:\/\/www.oxibras.com.br\/","name":"Oxibras Corte &amp; Solda","description":"Empresa brasileira que h\u00e1 mais de 30 anos atua no mercado de corte e solda de metais","potentialAction":[{"@type":"SearchAction","target":{"@type":"EntryPoint","urlTemplate":"https:\/\/www.oxibras.com.br\/?s={search_term_string}"},"query-input":"required name=search_term_string"}],"inLanguage":"es"},{"@type":"WebPage","@id":"https:\/\/www.oxibras.com.br\/empresa\/canal-kemppi\/#webpage","url":"https:\/\/www.oxibras.com.br\/empresa\/canal-kemppi\/","name":"(Portugu\u00eas do Brasil) Institucional - Oxibras Corte &amp; Solda","isPartOf":{"@id":"https:\/\/www.oxibras.com.br\/#website"},"datePublished":"2019-08-26T18:23:28+00:00","dateModified":"2021-01-28T12:36:32+00:00","description":"A Oxibras foi fundada em 1990 em S\u00e3o Bernardo do Campo, distribuindo consum\u00edveis para solda e corte de Metais e produtos de soldagem.","breadcrumb":{"@id":"https:\/\/www.oxibras.com.br\/empresa\/canal-kemppi\/#breadcrumb"},"inLanguage":"es","potentialAction":[{"@type":"ReadAction","target":["https:\/\/www.oxibras.com.br\/empresa\/canal-kemppi\/"]}]},{"@type":"BreadcrumbList","@id":"https:\/\/www.oxibras.com.br\/empresa\/canal-kemppi\/#breadcrumb","itemListElement":[{"@type":"ListItem","position":1,"name":"In\u00edcio","item":"https:\/\/www.oxibras.com.br\/"},{"@type":"ListItem","position":2,"name":"Empresa","item":"https:\/\/www.oxibras.com.br\/empresa\/"},{"@type":"ListItem","position":3,"name":"Institucional"}]}]}},"_links":{"self":[{"href":"https:\/\/www.oxibras.com.br\/es\/wp-json\/wp\/v2\/pages\/10"}],"collection":[{"href":"https:\/\/www.oxibras.com.br\/es\/wp-json\/wp\/v2\/pages"}],"about":[{"href":"https:\/\/www.oxibras.com.br\/es\/wp-json\/wp\/v2\/types\/page"}],"author":[{"embeddable":true,"href":"https:\/\/www.oxibras.com.br\/es\/wp-json\/wp\/v2\/users\/1"}],"replies":[{"embeddable":true,"href":"https:\/\/www.oxibras.com.br\/es\/wp-json\/wp\/v2\/comments?post=10"}],"version-history":[{"count":18,"href":"https:\/\/www.oxibras.com.br\/es\/wp-json\/wp\/v2\/pages\/10\/revisions"}],"predecessor-version":[{"id":1786,"href":"https:\/\/www.oxibras.com.br\/es\/wp-json\/wp\/v2\/pages\/10\/revisions\/1786"}],"up":[{"embeddable":true,"href":"https:\/\/www.oxibras.com.br\/es\/wp-json\/wp\/v2\/pages\/7"}],"wp:attachment":[{"href":"https:\/\/www.oxibras.com.br\/es\/wp-json\/wp\/v2\/media?parent=10"}],"curies":[{"name":"wp","href":"https:\/\/api.w.org\/{rel}","templated":true}]}}