{"id":1278,"date":"2019-11-29T11:09:37","date_gmt":"2019-11-29T13:09:37","guid":{"rendered":"http:\/\/servidorseguro.cloud\/oxibras\/?page_id=1278"},"modified":"2021-01-28T09:26:30","modified_gmt":"2021-01-28T12:26:30","slug":"oxibras","status":"publish","type":"page","link":"https:\/\/www.oxibras.com.br\/en\/oxibras\/","title":{"rendered":"(Portugu\u00eas do Brasil) Oxibras"},"content":{"rendered":"<p class=\"qtranxs-available-languages-message qtranxs-available-languages-message-en\">Sorry, this entry is only available in <a href=\"https:\/\/www.oxibras.com.br\/pb\/wp-json\/wp\/v2\/pages\/1278\" class=\"qtranxs-available-language-link qtranxs-available-language-link-pb\" title=\"Portugu\u00eas do Brasil\">Brazilian Portuguese<\/a>. For the sake of viewer convenience, the content is shown below in the alternative language. You may click the link to switch the active language.<\/p><p>A Oxibras Equipamentos \u00e9 uma empresa brasileira que h\u00e1 mais de 30 anos atua no mercado de corte e solda de metais, oferecendo solu\u00e7\u00f5es com tecnologia de ponta e alta performance.<\/p>\n<p>A empresa fabrica, importa e distribui equipamentos de alta qualidade. Possui uma equipe qualificada, preparada para identificar as suas necessidades e oferecer as melhores solu\u00e7\u00f5es em solda e corte de metais. Localizada no Grande ABC, a Oxibras possui estrutura para atender todo o territ\u00f3rio nacional.<\/p>","protected":false},"excerpt":{"rendered":"<p>Sorry, this entry is only available in Brazilian Portuguese. For the sake of viewer convenience, the content is shown below in the alternative language. You may click the link to switch the active language.A Oxibras Equipamentos \u00e9 uma empresa brasileira que h\u00e1 mais de 30 anos atua no mercado de corte e solda de metais, [&hellip;]<\/p>\n","protected":false},"author":1,"featured_media":0,"parent":0,"menu_order":0,"comment_status":"closed","ping_status":"closed","template":"","meta":[],"yoast_head":"<!-- This site is optimized with the Yoast SEO plugin v16.8 - https:\/\/yoast.com\/wordpress\/plugins\/seo\/ -->\n<title>(Portugu\u00eas do Brasil) Oxibras Equipamentos<\/title>\n<meta name=\"description\" content=\"A Oxibras \u00e9 uma empresa situada no ABC paulista, que h\u00e1 mais de 30 anos atua no mercado de corte e solda de metais, oferecendo solu\u00e7\u00f5es com tecnologia de ponta e alta performance.\" \/>\n<meta name=\"robots\" content=\"index, follow, max-snippet:-1, max-image-preview:large, max-video-preview:-1\" \/>\n<link rel=\"canonical\" href=\"https:\/\/www.oxibras.com.br\/oxibras\/\" \/>\n<meta property=\"og:locale\" content=\"en_US\" \/>\n<meta property=\"og:type\" content=\"article\" \/>\n<meta property=\"og:title\" content=\"(Portugu\u00eas do Brasil) Oxibras Equipamentos\" \/>\n<meta property=\"og:description\" content=\"A Oxibras \u00e9 uma empresa situada no ABC paulista, que h\u00e1 mais de 30 anos atua no mercado de corte e solda de metais, oferecendo solu\u00e7\u00f5es com tecnologia de ponta e alta performance.\" \/>\n<meta property=\"og:url\" content=\"https:\/\/www.oxibras.com.br\/oxibras\/\" \/>\n<meta property=\"og:site_name\" content=\"Oxibras Corte &amp; Solda\" \/>\n<meta property=\"article:modified_time\" content=\"2021-01-28T12:26:30+00:00\" \/>\n<meta name=\"twitter:card\" content=\"summary_large_image\" \/>\n<script type=\"application\/ld+json\" class=\"yoast-schema-graph\">{\"@context\":\"https:\/\/schema.org\",\"@graph\":[{\"@type\":\"WebSite\",\"@id\":\"https:\/\/www.oxibras.com.br\/#website\",\"url\":\"https:\/\/www.oxibras.com.br\/\",\"name\":\"Oxibras Corte &amp; Solda\",\"description\":\"Empresa brasileira que h\\u00e1 mais de 30 anos atua no mercado de corte e solda de metais\",\"potentialAction\":[{\"@type\":\"SearchAction\",\"target\":{\"@type\":\"EntryPoint\",\"urlTemplate\":\"https:\/\/www.oxibras.com.br\/?s={search_term_string}\"},\"query-input\":\"required name=search_term_string\"}],\"inLanguage\":\"en-US\"},{\"@type\":\"WebPage\",\"@id\":\"https:\/\/www.oxibras.com.br\/oxibras\/#webpage\",\"url\":\"https:\/\/www.oxibras.com.br\/oxibras\/\",\"name\":\"(Portugu\\u00eas do Brasil) Oxibras Equipamentos\",\"isPartOf\":{\"@id\":\"https:\/\/www.oxibras.com.br\/#website\"},\"datePublished\":\"2019-11-29T13:09:37+00:00\",\"dateModified\":\"2021-01-28T12:26:30+00:00\",\"description\":\"A Oxibras \\u00e9 uma empresa situada no ABC paulista, que h\\u00e1 mais de 30 anos atua no mercado de corte e solda de metais, oferecendo solu\\u00e7\\u00f5es com tecnologia de ponta e alta performance.\",\"breadcrumb\":{\"@id\":\"https:\/\/www.oxibras.com.br\/oxibras\/#breadcrumb\"},\"inLanguage\":\"en-US\",\"potentialAction\":[{\"@type\":\"ReadAction\",\"target\":[\"https:\/\/www.oxibras.com.br\/oxibras\/\"]}]},{\"@type\":\"BreadcrumbList\",\"@id\":\"https:\/\/www.oxibras.com.br\/oxibras\/#breadcrumb\",\"itemListElement\":[{\"@type\":\"ListItem\",\"position\":1,\"name\":\"In\\u00edcio\",\"item\":\"https:\/\/www.oxibras.com.br\/\"},{\"@type\":\"ListItem\",\"position\":2,\"name\":\"Oxibras\"}]}]}<\/script>\n<!-- \/ Yoast SEO plugin. -->","yoast_head_json":{"title":"(Portugu\u00eas do Brasil) Oxibras Equipamentos","description":"A Oxibras \u00e9 uma empresa situada no ABC paulista, que h\u00e1 mais de 30 anos atua no mercado de corte e solda de metais, oferecendo solu\u00e7\u00f5es com tecnologia de ponta e alta performance.","robots":{"index":"index","follow":"follow","max-snippet":"max-snippet:-1","max-image-preview":"max-image-preview:large","max-video-preview":"max-video-preview:-1"},"canonical":"https:\/\/www.oxibras.com.br\/oxibras\/","og_locale":"en_US","og_type":"article","og_title":"(Portugu\u00eas do Brasil) Oxibras Equipamentos","og_description":"A Oxibras \u00e9 uma empresa situada no ABC paulista, que h\u00e1 mais de 30 anos atua no mercado de corte e solda de metais, oferecendo solu\u00e7\u00f5es com tecnologia de ponta e alta performance.","og_url":"https:\/\/www.oxibras.com.br\/oxibras\/","og_site_name":"Oxibras Corte &amp; Solda","article_modified_time":"2021-01-28T12:26:30+00:00","twitter_card":"summary_large_image","schema":{"@context":"https:\/\/schema.org","@graph":[{"@type":"WebSite","@id":"https:\/\/www.oxibras.com.br\/#website","url":"https:\/\/www.oxibras.com.br\/","name":"Oxibras Corte &amp; Solda","description":"Empresa brasileira que h\u00e1 mais de 30 anos atua no mercado de corte e solda de metais","potentialAction":[{"@type":"SearchAction","target":{"@type":"EntryPoint","urlTemplate":"https:\/\/www.oxibras.com.br\/?s={search_term_string}"},"query-input":"required name=search_term_string"}],"inLanguage":"en-US"},{"@type":"WebPage","@id":"https:\/\/www.oxibras.com.br\/oxibras\/#webpage","url":"https:\/\/www.oxibras.com.br\/oxibras\/","name":"(Portugu\u00eas do Brasil) Oxibras Equipamentos","isPartOf":{"@id":"https:\/\/www.oxibras.com.br\/#website"},"datePublished":"2019-11-29T13:09:37+00:00","dateModified":"2021-01-28T12:26:30+00:00","description":"A Oxibras \u00e9 uma empresa situada no ABC paulista, que h\u00e1 mais de 30 anos atua no mercado de corte e solda de metais, oferecendo solu\u00e7\u00f5es com tecnologia de ponta e alta performance.","breadcrumb":{"@id":"https:\/\/www.oxibras.com.br\/oxibras\/#breadcrumb"},"inLanguage":"en-US","potentialAction":[{"@type":"ReadAction","target":["https:\/\/www.oxibras.com.br\/oxibras\/"]}]},{"@type":"BreadcrumbList","@id":"https:\/\/www.oxibras.com.br\/oxibras\/#breadcrumb","itemListElement":[{"@type":"ListItem","position":1,"name":"In\u00edcio","item":"https:\/\/www.oxibras.com.br\/"},{"@type":"ListItem","position":2,"name":"Oxibras"}]}]}},"_links":{"self":[{"href":"https:\/\/www.oxibras.com.br\/en\/wp-json\/wp\/v2\/pages\/1278"}],"collection":[{"href":"https:\/\/www.oxibras.com.br\/en\/wp-json\/wp\/v2\/pages"}],"about":[{"href":"https:\/\/www.oxibras.com.br\/en\/wp-json\/wp\/v2\/types\/page"}],"author":[{"embeddable":true,"href":"https:\/\/www.oxibras.com.br\/en\/wp-json\/wp\/v2\/users\/1"}],"replies":[{"embeddable":true,"href":"https:\/\/www.oxibras.com.br\/en\/wp-json\/wp\/v2\/comments?post=1278"}],"version-history":[{"count":10,"href":"https:\/\/www.oxibras.com.br\/en\/wp-json\/wp\/v2\/pages\/1278\/revisions"}],"predecessor-version":[{"id":1784,"href":"https:\/\/www.oxibras.com.br\/en\/wp-json\/wp\/v2\/pages\/1278\/revisions\/1784"}],"wp:attachment":[{"href":"https:\/\/www.oxibras.com.br\/en\/wp-json\/wp\/v2\/media?parent=1278"}],"curies":[{"name":"wp","href":"https:\/\/api.w.org\/{rel}","templated":true}]}}